{"id":1478,"date":"2024-04-12T15:15:38","date_gmt":"2024-04-12T15:15:38","guid":{"rendered":"https:\/\/seasquad.it\/?page_id=1478"},"modified":"2024-11-29T14:17:01","modified_gmt":"2024-11-29T14:17:01","slug":"services","status":"publish","type":"page","link":"https:\/\/seasquad.it\/fr\/services\/","title":{"rendered":"Services"},"content":{"rendered":"\t\t<div data-elementor-type=\"wp-page\" data-elementor-id=\"1478\" class=\"elementor elementor-1478 elementor-32\" data-elementor-post-type=\"page\">\n\t\t\t\t<div class=\"elementor-element elementor-element-6bb3b20 e-flex e-con-boxed e-con e-parent\" data-id=\"6bb3b20\" data-element_type=\"container\" data-settings=\"{&quot;background_background&quot;:&quot;classic&quot;}\">\n\t\t\t\t\t<div class=\"e-con-inner\">\n\t\t\t\t\t<\/div>\n\t\t\t\t<\/div>\n\t\t<div class=\"elementor-element elementor-element-a4ec72a e-flex e-con-boxed e-con e-parent\" data-id=\"a4ec72a\" data-element_type=\"container\">\n\t\t\t\t\t<div class=\"e-con-inner\">\n\t\t<div class=\"elementor-element elementor-element-9a98e8c e-con-full e-flex e-con e-child\" data-id=\"9a98e8c\" data-element_type=\"container\">\n\t\t\t\t<div class=\"elementor-element elementor-element-13b8c7a section-title elementor-widget elementor-widget-text-editor\" data-id=\"13b8c7a\" data-element_type=\"widget\" data-widget_type=\"text-editor.default\">\n\t\t\t\t<div class=\"elementor-widget-container\">\n\t\t\t\t\t\t\t\t\t<p>Exp\u00e9riences uniques<\/p>\t\t\t\t\t\t\t\t<\/div>\n\t\t\t\t<\/div>\n\t\t\t\t<div class=\"elementor-element elementor-element-463a679 elementor-widget elementor-widget-heading\" data-id=\"463a679\" data-element_type=\"widget\" data-widget_type=\"heading.default\">\n\t\t\t\t<div class=\"elementor-widget-container\">\n\t\t\t\t\t<h2 class=\"elementor-heading-title elementor-size-default\">FOOD &amp; BEVERAGE\n<\/h2>\t\t\t\t<\/div>\n\t\t\t\t<\/div>\n\t\t\t\t<div class=\"elementor-element elementor-element-a14341e subtitle elementor-widget elementor-widget-text-editor\" data-id=\"a14341e\" data-element_type=\"widget\" data-widget_type=\"text-editor.default\">\n\t\t\t\t<div class=\"elementor-widget-container\">\n\t\t\t\t\t\t\t\t\t<p class=\"p1\">Disponibles, sur demande, <strong>4 forfaits restauration<\/strong> pour rendre votre exp\u00e9rience en mer encore plus compl\u00e8te.<\/p><p class=\"p1\"><strong>Ajoutez le service lors de la r\u00e9servation<\/strong> ou <strong>contactez-nous si vous souhaitez le personnaliser<\/strong>.<\/p>\t\t\t\t\t\t\t\t<\/div>\n\t\t\t\t<\/div>\n\t\t\t\t<\/div>\n\t\t<div class=\"elementor-element elementor-element-3e0d4ac e-flex e-con-boxed e-con e-child\" data-id=\"3e0d4ac\" data-element_type=\"container\">\n\t\t\t\t\t<div class=\"e-con-inner\">\n\t\t<div class=\"elementor-element elementor-element-5195340 e-con-full e-flex e-con e-child\" data-id=\"5195340\" data-element_type=\"container\" data-settings=\"{&quot;background_background&quot;:&quot;gradient&quot;}\">\n\t\t\t\t<div class=\"elementor-element elementor-element-d075cdb elementor-widget elementor-widget-image\" data-id=\"d075cdb\" data-element_type=\"widget\" data-widget_type=\"image.default\">\n\t\t\t\t<div class=\"elementor-widget-container\">\n\t\t\t\t\t\t\t\t\t\t\t\t\t\t\t<img fetchpriority=\"high\" decoding=\"async\" width=\"1012\" height=\"570\" src=\"https:\/\/seasquad.it\/wp-content\/uploads\/2024\/05\/sea-squad-gassa-amante.jpg\" class=\"attachment-full size-full wp-image-1293\" alt=\"\" srcset=\"https:\/\/seasquad.it\/wp-content\/uploads\/2024\/05\/sea-squad-gassa-amante.jpg 1012w, https:\/\/seasquad.it\/wp-content\/uploads\/2024\/05\/sea-squad-gassa-amante-300x169.jpg 300w, https:\/\/seasquad.it\/wp-content\/uploads\/2024\/05\/sea-squad-gassa-amante-768x433.jpg 768w\" sizes=\"(max-width: 1012px) 100vw, 1012px\" \/>\t\t\t\t\t\t\t\t\t\t\t\t\t\t\t<\/div>\n\t\t\t\t<\/div>\n\t\t\t\t<div class=\"elementor-element elementor-element-bd01fe7 elementor-widget elementor-widget-heading\" data-id=\"bd01fe7\" data-element_type=\"widget\" data-widget_type=\"heading.default\">\n\t\t\t\t<div class=\"elementor-widget-container\">\n\t\t\t\t\t<h4 class=\"elementor-heading-title elementor-size-default\">N\u0152UD DE CHAISE<\/h4>\t\t\t\t<\/div>\n\t\t\t\t<\/div>\n\t\t\t\t<div class=\"elementor-element elementor-element-dfb5242 elementor-widget elementor-widget-text-editor\" data-id=\"dfb5242\" data-element_type=\"widget\" data-widget_type=\"text-editor.default\">\n\t\t\t\t<div class=\"elementor-widget-container\">\n\t\t\t\t\t\t\t\t\t<p class=\"p1\">Le forfait comprend un ap\u00e9ritif avec pizza et focaccia fra\u00eeche, charcuterie, fromages et une bouteille de prosecco. <strong>Service inclus dans la location du bateau<\/strong>.<\/p>\t\t\t\t\t\t\t\t<\/div>\n\t\t\t\t<\/div>\n\t\t<div class=\"elementor-element elementor-element-78375a2 e-con-full e-flex e-con e-child\" data-id=\"78375a2\" data-element_type=\"container\">\n\t\t\t\t<div class=\"elementor-element elementor-element-288a55f btn-full-width elementor-widget elementor-widget-button\" data-id=\"288a55f\" data-element_type=\"widget\" data-widget_type=\"button.default\">\n\t\t\t\t<div class=\"elementor-widget-container\">\n\t\t\t\t\t\t\t\t\t<div class=\"elementor-button-wrapper\">\n\t\t\t\t\t<a class=\"elementor-button elementor-button-link elementor-size-sm\" href=\"#elementor-action%3Aaction%3Dpopup%3Aopen%26settings%3DeyJpZCI6MTQ4NSwidG9nZ2xlIjpmYWxzZX0%3D\">\n\t\t\t\t\t\t<span class=\"elementor-button-content-wrapper\">\n\t\t\t\t\t\t\t\t\t<span class=\"elementor-button-text\">Personnaliser le service<\/span>\n\t\t\t\t\t<\/span>\n\t\t\t\t\t<\/a>\n\t\t\t\t<\/div>\n\t\t\t\t\t\t\t\t<\/div>\n\t\t\t\t<\/div>\n\t\t\t\t<div class=\"elementor-element elementor-element-49fbfe1 elementor-widget__width-initial food-beverage-price elementor-widget elementor-widget-text-editor\" data-id=\"49fbfe1\" data-element_type=\"widget\" data-widget_type=\"text-editor.default\">\n\t\t\t\t<div class=\"elementor-widget-container\">\n\t\t\t\t\t\t\t\t\t000<span class=\"euro-sign\">\u20ac<\/span>\t\t\t\t\t\t\t\t<\/div>\n\t\t\t\t<\/div>\n\t\t\t\t<\/div>\n\t\t\t\t<\/div>\n\t\t<div class=\"elementor-element elementor-element-90168e6 e-con-full e-flex e-con e-child\" data-id=\"90168e6\" data-element_type=\"container\" data-settings=\"{&quot;background_background&quot;:&quot;classic&quot;}\">\n\t\t\t\t<div class=\"elementor-element elementor-element-433fb4f elementor-widget elementor-widget-image\" data-id=\"433fb4f\" data-element_type=\"widget\" data-widget_type=\"image.default\">\n\t\t\t\t<div class=\"elementor-widget-container\">\n\t\t\t\t\t\t\t\t\t\t\t\t\t\t\t<img fetchpriority=\"high\" decoding=\"async\" width=\"1012\" height=\"570\" src=\"https:\/\/seasquad.it\/wp-content\/uploads\/2024\/05\/sea-squad-gassa-amante.jpg\" class=\"attachment-full size-full wp-image-1293\" alt=\"\" srcset=\"https:\/\/seasquad.it\/wp-content\/uploads\/2024\/05\/sea-squad-gassa-amante.jpg 1012w, https:\/\/seasquad.it\/wp-content\/uploads\/2024\/05\/sea-squad-gassa-amante-300x169.jpg 300w, https:\/\/seasquad.it\/wp-content\/uploads\/2024\/05\/sea-squad-gassa-amante-768x433.jpg 768w\" sizes=\"(max-width: 1012px) 100vw, 1012px\" \/>\t\t\t\t\t\t\t\t\t\t\t\t\t\t\t<\/div>\n\t\t\t\t<\/div>\n\t\t\t\t<div class=\"elementor-element elementor-element-d918de1 elementor-widget elementor-widget-heading\" data-id=\"d918de1\" data-element_type=\"widget\" data-widget_type=\"heading.default\">\n\t\t\t\t<div class=\"elementor-widget-container\">\n\t\t\t\t\t<h4 class=\"elementor-heading-title elementor-size-default\">N\u0152UD DE SAVOIE<\/h4>\t\t\t\t<\/div>\n\t\t\t\t<\/div>\n\t\t\t\t<div class=\"elementor-element elementor-element-6a9f4fe elementor-widget elementor-widget-text-editor\" data-id=\"6a9f4fe\" data-element_type=\"widget\" data-widget_type=\"text-editor.default\">\n\t\t\t\t<div class=\"elementor-widget-container\">\n\t\t\t\t\t\t\t\t\t<p class=\"p1\">Le forfait comprend un ap\u00e9ritif avec pizza et focaccia fra\u00eeche et une bouteille de prosecco.<\/p>\t\t\t\t\t\t\t\t<\/div>\n\t\t\t\t<\/div>\n\t\t<div class=\"elementor-element elementor-element-45ad4fe e-con-full e-flex e-con e-child\" data-id=\"45ad4fe\" data-element_type=\"container\">\n\t\t\t\t<div class=\"elementor-element elementor-element-4b5d30c btn-full-width elementor-widget elementor-widget-button\" data-id=\"4b5d30c\" data-element_type=\"widget\" data-widget_type=\"button.default\">\n\t\t\t\t<div class=\"elementor-widget-container\">\n\t\t\t\t\t\t\t\t\t<div class=\"elementor-button-wrapper\">\n\t\t\t\t\t<a class=\"elementor-button elementor-button-link elementor-size-sm\" href=\"#elementor-action%3Aaction%3Dpopup%3Aopen%26settings%3DeyJpZCI6MTQ4NSwidG9nZ2xlIjpmYWxzZX0%3D\">\n\t\t\t\t\t\t<span class=\"elementor-button-content-wrapper\">\n\t\t\t\t\t\t\t\t\t<span class=\"elementor-button-text\">Personnaliser le service<\/span>\n\t\t\t\t\t<\/span>\n\t\t\t\t\t<\/a>\n\t\t\t\t<\/div>\n\t\t\t\t\t\t\t\t<\/div>\n\t\t\t\t<\/div>\n\t\t\t\t<div class=\"elementor-element elementor-element-af87ed4 elementor-widget__width-initial food-beverage-price elementor-widget elementor-widget-text-editor\" data-id=\"af87ed4\" data-element_type=\"widget\" data-widget_type=\"text-editor.default\">\n\t\t\t\t<div class=\"elementor-widget-container\">\n\t\t\t\t\t\t\t\t\t000<span class=\"euro-sign\">\u20ac<\/span>\t\t\t\t\t\t\t\t<\/div>\n\t\t\t\t<\/div>\n\t\t\t\t<\/div>\n\t\t\t\t<\/div>\n\t\t<div class=\"elementor-element elementor-element-ec24348 e-con-full e-flex e-con e-child\" data-id=\"ec24348\" data-element_type=\"container\" data-settings=\"{&quot;background_background&quot;:&quot;classic&quot;}\">\n\t\t\t\t<div class=\"elementor-element elementor-element-ca82814 elementor-widget elementor-widget-image\" data-id=\"ca82814\" data-element_type=\"widget\" data-widget_type=\"image.default\">\n\t\t\t\t<div class=\"elementor-widget-container\">\n\t\t\t\t\t\t\t\t\t\t\t\t\t\t\t<img fetchpriority=\"high\" decoding=\"async\" width=\"1012\" height=\"570\" src=\"https:\/\/seasquad.it\/wp-content\/uploads\/2024\/05\/sea-squad-gassa-amante.jpg\" class=\"attachment-full size-full wp-image-1293\" alt=\"\" srcset=\"https:\/\/seasquad.it\/wp-content\/uploads\/2024\/05\/sea-squad-gassa-amante.jpg 1012w, https:\/\/seasquad.it\/wp-content\/uploads\/2024\/05\/sea-squad-gassa-amante-300x169.jpg 300w, https:\/\/seasquad.it\/wp-content\/uploads\/2024\/05\/sea-squad-gassa-amante-768x433.jpg 768w\" sizes=\"(max-width: 1012px) 100vw, 1012px\" \/>\t\t\t\t\t\t\t\t\t\t\t\t\t\t\t<\/div>\n\t\t\t\t<\/div>\n\t\t\t\t<div class=\"elementor-element elementor-element-4a8b56d elementor-widget elementor-widget-heading\" data-id=\"4a8b56d\" data-element_type=\"widget\" data-widget_type=\"heading.default\">\n\t\t\t\t<div class=\"elementor-widget-container\">\n\t\t\t\t\t<h4 class=\"elementor-heading-title elementor-size-default\">N\u0152UD DE CABESTAN<\/h4>\t\t\t\t<\/div>\n\t\t\t\t<\/div>\n\t\t\t\t<div class=\"elementor-element elementor-element-a8b5c8f elementor-widget elementor-widget-text-editor\" data-id=\"a8b5c8f\" data-element_type=\"widget\" data-widget_type=\"text-editor.default\">\n\t\t\t\t<div class=\"elementor-widget-container\">\n\t\t\t\t\t\t\t\t\t<p class=\"p1\">le forfait comprend un ap\u00e9ritif avec pizza et focaccia fra\u00eeche, charcuterie et fromages.<\/p>\t\t\t\t\t\t\t\t<\/div>\n\t\t\t\t<\/div>\n\t\t<div class=\"elementor-element elementor-element-d5f5f23 e-con-full e-flex e-con e-child\" data-id=\"d5f5f23\" data-element_type=\"container\">\n\t\t\t\t<div class=\"elementor-element elementor-element-718d841 btn-full-width elementor-widget elementor-widget-button\" data-id=\"718d841\" data-element_type=\"widget\" data-widget_type=\"button.default\">\n\t\t\t\t<div class=\"elementor-widget-container\">\n\t\t\t\t\t\t\t\t\t<div class=\"elementor-button-wrapper\">\n\t\t\t\t\t<a class=\"elementor-button elementor-button-link elementor-size-sm\" href=\"#elementor-action%3Aaction%3Dpopup%3Aopen%26settings%3DeyJpZCI6MTQ4NSwidG9nZ2xlIjpmYWxzZX0%3D\">\n\t\t\t\t\t\t<span class=\"elementor-button-content-wrapper\">\n\t\t\t\t\t\t\t\t\t<span class=\"elementor-button-text\">Personnaliser le service<\/span>\n\t\t\t\t\t<\/span>\n\t\t\t\t\t<\/a>\n\t\t\t\t<\/div>\n\t\t\t\t\t\t\t\t<\/div>\n\t\t\t\t<\/div>\n\t\t\t\t<div class=\"elementor-element elementor-element-8017204 elementor-widget__width-initial food-beverage-price elementor-widget elementor-widget-text-editor\" data-id=\"8017204\" data-element_type=\"widget\" data-widget_type=\"text-editor.default\">\n\t\t\t\t<div class=\"elementor-widget-container\">\n\t\t\t\t\t\t\t\t\t<p>00<span class=\"euro-sign\">\u20ac<\/span><\/p>\t\t\t\t\t\t\t\t<\/div>\n\t\t\t\t<\/div>\n\t\t\t\t<\/div>\n\t\t\t\t<\/div>\n\t\t<div class=\"elementor-element elementor-element-4cf0a7f e-con-full e-flex e-con e-child\" data-id=\"4cf0a7f\" data-element_type=\"container\" data-settings=\"{&quot;background_background&quot;:&quot;classic&quot;}\">\n\t\t\t\t<div class=\"elementor-element elementor-element-99e32a4 elementor-widget elementor-widget-image\" data-id=\"99e32a4\" data-element_type=\"widget\" data-widget_type=\"image.default\">\n\t\t\t\t<div class=\"elementor-widget-container\">\n\t\t\t\t\t\t\t\t\t\t\t\t\t\t\t<img fetchpriority=\"high\" decoding=\"async\" width=\"1012\" height=\"570\" src=\"https:\/\/seasquad.it\/wp-content\/uploads\/2024\/05\/sea-squad-gassa-amante.jpg\" class=\"attachment-full size-full wp-image-1293\" alt=\"\" srcset=\"https:\/\/seasquad.it\/wp-content\/uploads\/2024\/05\/sea-squad-gassa-amante.jpg 1012w, https:\/\/seasquad.it\/wp-content\/uploads\/2024\/05\/sea-squad-gassa-amante-300x169.jpg 300w, https:\/\/seasquad.it\/wp-content\/uploads\/2024\/05\/sea-squad-gassa-amante-768x433.jpg 768w\" sizes=\"(max-width: 1012px) 100vw, 1012px\" \/>\t\t\t\t\t\t\t\t\t\t\t\t\t\t\t<\/div>\n\t\t\t\t<\/div>\n\t\t\t\t<div class=\"elementor-element elementor-element-b33544c elementor-widget elementor-widget-heading\" data-id=\"b33544c\" data-element_type=\"widget\" data-widget_type=\"heading.default\">\n\t\t\t\t<div class=\"elementor-widget-container\">\n\t\t\t\t\t<h4 class=\"elementor-heading-title elementor-size-default\">N\u0152UD PLAT<\/h4>\t\t\t\t<\/div>\n\t\t\t\t<\/div>\n\t\t\t\t<div class=\"elementor-element elementor-element-280e400 elementor-widget elementor-widget-text-editor\" data-id=\"280e400\" data-element_type=\"widget\" data-widget_type=\"text-editor.default\">\n\t\t\t\t<div class=\"elementor-widget-container\">\n\t\t\t\t\t\t\t\t\t<p class=\"p1\">Le forfait comprend un ap\u00e9ritif avec une bouteille de prosecco.<\/p>\t\t\t\t\t\t\t\t<\/div>\n\t\t\t\t<\/div>\n\t\t<div class=\"elementor-element elementor-element-f6b74ed e-con-full e-flex e-con e-child\" data-id=\"f6b74ed\" data-element_type=\"container\">\n\t\t\t\t<div class=\"elementor-element elementor-element-3fd95bc btn-full-width elementor-widget elementor-widget-button\" data-id=\"3fd95bc\" data-element_type=\"widget\" data-widget_type=\"button.default\">\n\t\t\t\t<div class=\"elementor-widget-container\">\n\t\t\t\t\t\t\t\t\t<div class=\"elementor-button-wrapper\">\n\t\t\t\t\t<a class=\"elementor-button elementor-button-link elementor-size-sm\" href=\"#elementor-action%3Aaction%3Dpopup%3Aopen%26settings%3DeyJpZCI6MTQ4NSwidG9nZ2xlIjpmYWxzZX0%3D\">\n\t\t\t\t\t\t<span class=\"elementor-button-content-wrapper\">\n\t\t\t\t\t\t\t\t\t<span class=\"elementor-button-text\">Personnaliser le service<\/span>\n\t\t\t\t\t<\/span>\n\t\t\t\t\t<\/a>\n\t\t\t\t<\/div>\n\t\t\t\t\t\t\t\t<\/div>\n\t\t\t\t<\/div>\n\t\t\t\t<div class=\"elementor-element elementor-element-7b0d0f6 elementor-widget__width-initial food-beverage-price elementor-widget elementor-widget-text-editor\" data-id=\"7b0d0f6\" data-element_type=\"widget\" data-widget_type=\"text-editor.default\">\n\t\t\t\t<div class=\"elementor-widget-container\">\n\t\t\t\t\t\t\t\t\t<p>00<span class=\"euro-sign\">\u20ac<\/span><\/p>\t\t\t\t\t\t\t\t<\/div>\n\t\t\t\t<\/div>\n\t\t\t\t<\/div>\n\t\t\t\t<\/div>\n\t\t\t\t\t<\/div>\n\t\t\t\t<\/div>\n\t\t\t\t\t<\/div>\n\t\t\t\t<\/div>\n\t\t<div class=\"elementor-element elementor-element-37de8eb e-flex e-con-boxed e-con e-parent\" data-id=\"37de8eb\" data-element_type=\"container\">\n\t\t\t\t\t<div class=\"e-con-inner\">\n\t\t<div class=\"elementor-element elementor-element-f5ae83b e-con-full e-flex e-con e-child\" data-id=\"f5ae83b\" data-element_type=\"container\">\n\t\t\t\t<div class=\"elementor-element elementor-element-72bbcf3 section-title elementor-widget elementor-widget-text-editor\" data-id=\"72bbcf3\" data-element_type=\"widget\" data-widget_type=\"text-editor.default\">\n\t\t\t\t<div class=\"elementor-widget-container\">\n\t\t\t\t\t\t\t\t\t<p>Des moments inoubliables<\/p>\t\t\t\t\t\t\t\t<\/div>\n\t\t\t\t<\/div>\n\t\t\t\t<div class=\"elementor-element elementor-element-201c114 elementor-widget elementor-widget-heading\" data-id=\"201c114\" data-element_type=\"widget\" data-widget_type=\"heading.default\">\n\t\t\t\t<div class=\"elementor-widget-container\">\n\t\t\t\t\t<h2 class=\"elementor-heading-title elementor-size-default\">ORGANISEZ VOTRE \u00c9V\u00c9NEMENT<\/h2>\t\t\t\t<\/div>\n\t\t\t\t<\/div>\n\t\t\t\t<div class=\"elementor-element elementor-element-df79991 subtitle elementor-widget elementor-widget-text-editor\" data-id=\"df79991\" data-element_type=\"widget\" data-widget_type=\"text-editor.default\">\n\t\t\t\t<div class=\"elementor-widget-container\">\n\t\t\t\t\t\t\t\t\t<p class=\"p1\">Planifiez votre journ\u00e9e parfaite en mer pour des <strong>anniversaires, des enterrements de vie de jeune fille\/gar\u00e7on, des feux d&rsquo;artifice et bien plus encore<\/strong> !<br \/>La beaut\u00e9 de la C\u00f4te d&rsquo;Azur sera le d\u00e9cor id\u00e9al pour vos occasions sp\u00e9ciales<\/p>\t\t\t\t\t\t\t\t<\/div>\n\t\t\t\t<\/div>\n\t\t\t\t<div class=\"elementor-element elementor-element-68e6d82 elementor-align-center elementor-widget elementor-widget-button\" data-id=\"68e6d82\" data-element_type=\"widget\" data-widget_type=\"button.default\">\n\t\t\t\t<div class=\"elementor-widget-container\">\n\t\t\t\t\t\t\t\t\t<div class=\"elementor-button-wrapper\">\n\t\t\t\t\t<a class=\"elementor-button elementor-button-link elementor-size-sm\" href=\"https:\/\/seasquad.it\/fr\/eventi\/\">\n\t\t\t\t\t\t<span class=\"elementor-button-content-wrapper\">\n\t\t\t\t\t\t\t\t\t<span class=\"elementor-button-text\">D\u00e9couvrir les \u00e9v\u00e9nements<\/span>\n\t\t\t\t\t<\/span>\n\t\t\t\t\t<\/a>\n\t\t\t\t<\/div>\n\t\t\t\t\t\t\t\t<\/div>\n\t\t\t\t<\/div>\n\t\t\t\t<\/div>\n\t\t\t\t\t<\/div>\n\t\t\t\t<\/div>\n\t\t<div class=\"elementor-element elementor-element-a94821b e-con-full e-flex e-con e-parent\" data-id=\"a94821b\" data-element_type=\"container\" data-settings=\"{&quot;background_background&quot;:&quot;classic&quot;}\">\n\t\t<div class=\"elementor-element elementor-element-852a6b9 e-con-full e-flex e-con e-child\" data-id=\"852a6b9\" data-element_type=\"container\" data-settings=\"{&quot;background_background&quot;:&quot;gradient&quot;}\">\n\t\t\t\t<\/div>\n\t\t\t\t<\/div>\n\t\t\t\t<\/div>\n\t\t","protected":false},"excerpt":{"rendered":"<p>Exp\u00e9riences uniques FOOD &amp; BEVERAGE Disponibles, sur demande, 4 forfaits restauration pour rendre votre exp\u00e9rience en mer encore plus compl\u00e8te. Ajoutez le service lors de la r\u00e9servation ou contactez-nous si vous souhaitez le personnaliser. N\u0152UD DE CHAISE Le forfait comprend un ap\u00e9ritif avec pizza et focaccia fra\u00eeche, charcuterie, fromages et une bouteille de prosecco. Service [&hellip;]<\/p>\n","protected":false},"author":1,"featured_media":0,"parent":0,"menu_order":0,"comment_status":"closed","ping_status":"closed","template":"","meta":{"footnotes":""},"class_list":["post-1478","page","type-page","status-publish","hentry"],"aioseo_notices":[],"_links":{"self":[{"href":"https:\/\/seasquad.it\/fr\/wp-json\/wp\/v2\/pages\/1478","targetHints":{"allow":["GET"]}}],"collection":[{"href":"https:\/\/seasquad.it\/fr\/wp-json\/wp\/v2\/pages"}],"about":[{"href":"https:\/\/seasquad.it\/fr\/wp-json\/wp\/v2\/types\/page"}],"author":[{"embeddable":true,"href":"https:\/\/seasquad.it\/fr\/wp-json\/wp\/v2\/users\/1"}],"replies":[{"embeddable":true,"href":"https:\/\/seasquad.it\/fr\/wp-json\/wp\/v2\/comments?post=1478"}],"version-history":[{"count":0,"href":"https:\/\/seasquad.it\/fr\/wp-json\/wp\/v2\/pages\/1478\/revisions"}],"wp:attachment":[{"href":"https:\/\/seasquad.it\/fr\/wp-json\/wp\/v2\/media?parent=1478"}],"curies":[{"name":"wp","href":"https:\/\/api.w.org\/{rel}","templated":true}]}}