{"id":1506,"date":"2024-04-12T15:16:36","date_gmt":"2024-04-12T15:16:36","guid":{"rendered":"https:\/\/seasquad.it\/?page_id=1506"},"modified":"2024-11-29T14:33:15","modified_gmt":"2024-11-29T14:33:15","slug":"contacts","status":"publish","type":"page","link":"https:\/\/seasquad.it\/fr\/contacts\/","title":{"rendered":"Contacts"},"content":{"rendered":"\t\t<div data-elementor-type=\"wp-page\" data-elementor-id=\"1506\" class=\"elementor elementor-1506 elementor-39\" data-elementor-post-type=\"page\">\n\t\t\t\t<div class=\"elementor-element elementor-element-558ca62 e-flex e-con-boxed e-con e-parent\" data-id=\"558ca62\" data-element_type=\"container\" data-settings=\"{&quot;background_background&quot;:&quot;classic&quot;,&quot;position&quot;:&quot;absolute&quot;}\">\n\t\t\t\t\t<div class=\"e-con-inner\">\n\t\t\t\t\t<\/div>\n\t\t\t\t<\/div>\n\t\t<div class=\"elementor-element elementor-element-8899028 e-con-full e-flex e-con e-child\" data-id=\"8899028\" data-element_type=\"container\" data-settings=\"{&quot;background_background&quot;:&quot;classic&quot;}\">\n\t\t<div class=\"elementor-element elementor-element-1bc5cc7 e-con-full e-flex e-con e-child\" data-id=\"1bc5cc7\" data-element_type=\"container\">\n\t\t\t\t<div class=\"elementor-element elementor-element-0b5a4d3 section-title elementor-widget elementor-widget-text-editor\" data-id=\"0b5a4d3\" data-element_type=\"widget\" data-widget_type=\"text-editor.default\">\n\t\t\t\t<div class=\"elementor-widget-container\">\n\t\t\t\t\t\t\t\t\t<p class=\"p1\">Demander des informations<\/p>\t\t\t\t\t\t\t\t<\/div>\n\t\t\t\t<\/div>\n\t\t\t\t<div class=\"elementor-element elementor-element-fe6575d elementor-widget elementor-widget-heading\" data-id=\"fe6575d\" data-element_type=\"widget\" data-widget_type=\"heading.default\">\n\t\t\t\t<div class=\"elementor-widget-container\">\n\t\t\t\t\t<h2 class=\"elementor-heading-title elementor-size-default\">EXPLOREZ LA C\u00d4TE D'AZUR AVEC NOUS !<\/h2>\t\t\t\t<\/div>\n\t\t\t\t<\/div>\n\t\t\t\t<div class=\"elementor-element elementor-element-6a95893 elementor-widget elementor-widget-text-editor\" data-id=\"6a95893\" data-element_type=\"widget\" data-widget_type=\"text-editor.default\">\n\t\t\t\t<div class=\"elementor-widget-container\">\n\t\t\t\t\t\t\t\t\tContactez-nous pour recevoir toutes les informations n\u00e9cessaires et personnaliser votre aventure marine.<br>Notre \u00e9quipe est \u00e0 votre enti\u00e8re disposition pour satisfaire chacune de vos demandes.\t\t\t\t\t\t\t\t<\/div>\n\t\t\t\t<\/div>\n\t\t\t\t<\/div>\n\t\t<div class=\"elementor-element elementor-element-9889901 e-flex e-con-boxed e-con e-child\" data-id=\"9889901\" data-element_type=\"container\">\n\t\t\t\t\t<div class=\"e-con-inner\">\n\t\t<div class=\"elementor-element elementor-element-f7e27c0 e-flex e-con-boxed e-con e-child\" data-id=\"f7e27c0\" data-element_type=\"container\">\n\t\t\t\t\t<div class=\"e-con-inner\">\n\t\t\t\t<div class=\"elementor-element elementor-element-4f4f884 elementor-widget__width-initial elementor-widget elementor-widget-image\" data-id=\"4f4f884\" data-element_type=\"widget\" data-widget_type=\"image.default\">\n\t\t\t\t<div class=\"elementor-widget-container\">\n\t\t\t\t\t\t\t\t\t\t\t\t\t\t\t<img decoding=\"async\" width=\"60\" height=\"110\" src=\"https:\/\/seasquad.it\/wp-content\/uploads\/2024\/04\/sea-squad_icona-telefono.png\" class=\"attachment-full size-full wp-image-731\" alt=\"\" \/>\t\t\t\t\t\t\t\t\t\t\t\t\t\t\t<\/div>\n\t\t\t\t<\/div>\n\t\t\t\t<div class=\"elementor-element elementor-element-0212d57 elementor-widget elementor-widget-text-editor\" data-id=\"0212d57\" data-element_type=\"widget\" data-widget_type=\"text-editor.default\">\n\t\t\t\t<div class=\"elementor-widget-container\">\n\t\t\t\t\t\t\t\t\t<p>T\u00e9l\u00e9phone<\/p>\t\t\t\t\t\t\t\t<\/div>\n\t\t\t\t<\/div>\n\t\t\t\t<div class=\"elementor-element elementor-element-781f112 elementor-widget elementor-widget-text-editor\" data-id=\"781f112\" data-element_type=\"widget\" data-widget_type=\"text-editor.default\">\n\t\t\t\t<div class=\"elementor-widget-container\">\n\t\t\t\t\t\t\t\t\t<p>Christian <a href=\"tel:+393510870352\">+ 39 351 087 0352<\/a><\/p>\t\t\t\t\t\t\t\t<\/div>\n\t\t\t\t<\/div>\n\t\t\t\t\t<\/div>\n\t\t\t\t<\/div>\n\t\t<div class=\"elementor-element elementor-element-5d11338 e-flex e-con-boxed e-con e-child\" data-id=\"5d11338\" data-element_type=\"container\">\n\t\t\t\t\t<div class=\"e-con-inner\">\n\t\t\t\t<div class=\"elementor-element elementor-element-00d96e4 elementor-widget__width-initial elementor-widget elementor-widget-image\" data-id=\"00d96e4\" data-element_type=\"widget\" data-widget_type=\"image.default\">\n\t\t\t\t<div class=\"elementor-widget-container\">\n\t\t\t\t\t\t\t\t\t\t\t\t\t\t\t<img decoding=\"async\" width=\"127\" height=\"110\" src=\"https:\/\/seasquad.it\/wp-content\/uploads\/2024\/04\/sea-squad_icona-chat.png\" class=\"attachment-full size-full wp-image-730\" alt=\"\" \/>\t\t\t\t\t\t\t\t\t\t\t\t\t\t\t<\/div>\n\t\t\t\t<\/div>\n\t\t\t\t<div class=\"elementor-element elementor-element-183f348 elementor-widget elementor-widget-text-editor\" data-id=\"183f348\" data-element_type=\"widget\" data-widget_type=\"text-editor.default\">\n\t\t\t\t<div class=\"elementor-widget-container\">\n\t\t\t\t\t\t\t\t\t<p>e-mail<\/p>\t\t\t\t\t\t\t\t<\/div>\n\t\t\t\t<\/div>\n\t\t\t\t<div class=\"elementor-element elementor-element-4d7104a elementor-widget elementor-widget-text-editor\" data-id=\"4d7104a\" data-element_type=\"widget\" data-widget_type=\"text-editor.default\">\n\t\t\t\t<div class=\"elementor-widget-container\">\n\t\t\t\t\t\t\t\t\t<p><a href=\"mailto:info@seasquad.it\">info@seasquad.it<\/a><\/p>\t\t\t\t\t\t\t\t<\/div>\n\t\t\t\t<\/div>\n\t\t\t\t\t<\/div>\n\t\t\t\t<\/div>\n\t\t<div class=\"elementor-element elementor-element-1bf8ca9 e-flex e-con-boxed e-con e-child\" data-id=\"1bf8ca9\" data-element_type=\"container\">\n\t\t\t\t\t<div class=\"e-con-inner\">\n\t\t\t\t<div class=\"elementor-element elementor-element-c752232 elementor-widget__width-initial elementor-widget elementor-widget-image\" data-id=\"c752232\" data-element_type=\"widget\" data-widget_type=\"image.default\">\n\t\t\t\t<div class=\"elementor-widget-container\">\n\t\t\t\t\t\t\t\t\t\t\t\t\t\t\t<img decoding=\"async\" width=\"97\" height=\"110\" src=\"https:\/\/seasquad.it\/wp-content\/uploads\/2024\/04\/sea-squad_icona-ancora.png\" class=\"attachment-full size-full wp-image-729\" alt=\"\" \/>\t\t\t\t\t\t\t\t\t\t\t\t\t\t\t<\/div>\n\t\t\t\t<\/div>\n\t\t\t\t<div class=\"elementor-element elementor-element-651c237 elementor-widget elementor-widget-text-editor\" data-id=\"651c237\" data-element_type=\"widget\" data-widget_type=\"text-editor.default\">\n\t\t\t\t<div class=\"elementor-widget-container\">\n\t\t\t\t\t\t\t\t\t<p>O\u00f9 nous sommes<\/p>\t\t\t\t\t\t\t\t<\/div>\n\t\t\t\t<\/div>\n\t\t\t\t<div class=\"elementor-element elementor-element-8be16c5 elementor-widget elementor-widget-text-editor\" data-id=\"8be16c5\" data-element_type=\"widget\" data-widget_type=\"text-editor.default\">\n\t\t\t\t<div class=\"elementor-widget-container\">\n\t\t\t\t\t\t\t\t\t<p>Marina Cala del Forte (Ventimiglia)<br \/>Port de Menton Garavan (Menton)<\/p>\t\t\t\t\t\t\t\t<\/div>\n\t\t\t\t<\/div>\n\t\t\t\t\t<\/div>\n\t\t\t\t<\/div>\n\t\t\t\t\t<\/div>\n\t\t\t\t<\/div>\n\t\t\t\t<\/div>\n\t\t\t\t<\/div>\n\t\t","protected":false},"excerpt":{"rendered":"<p>Demander des informations EXPLOREZ LA C\u00d4TE D&rsquo;AZUR AVEC NOUS ! Contactez-nous pour recevoir toutes les informations n\u00e9cessaires et personnaliser votre aventure marine.Notre \u00e9quipe est \u00e0 votre enti\u00e8re disposition pour satisfaire chacune de vos demandes. T\u00e9l\u00e9phone Christian + 39 351 087 0352 e-mail info@seasquad.it O\u00f9 nous sommes Marina Cala del Forte (Ventimiglia)Port de Menton Garavan (Menton)<\/p>\n","protected":false},"author":1,"featured_media":0,"parent":0,"menu_order":0,"comment_status":"closed","ping_status":"closed","template":"","meta":{"footnotes":""},"class_list":["post-1506","page","type-page","status-publish","hentry"],"aioseo_notices":[],"_links":{"self":[{"href":"https:\/\/seasquad.it\/fr\/wp-json\/wp\/v2\/pages\/1506","targetHints":{"allow":["GET"]}}],"collection":[{"href":"https:\/\/seasquad.it\/fr\/wp-json\/wp\/v2\/pages"}],"about":[{"href":"https:\/\/seasquad.it\/fr\/wp-json\/wp\/v2\/types\/page"}],"author":[{"embeddable":true,"href":"https:\/\/seasquad.it\/fr\/wp-json\/wp\/v2\/users\/1"}],"replies":[{"embeddable":true,"href":"https:\/\/seasquad.it\/fr\/wp-json\/wp\/v2\/comments?post=1506"}],"version-history":[{"count":0,"href":"https:\/\/seasquad.it\/fr\/wp-json\/wp\/v2\/pages\/1506\/revisions"}],"wp:attachment":[{"href":"https:\/\/seasquad.it\/fr\/wp-json\/wp\/v2\/media?parent=1506"}],"curies":[{"name":"wp","href":"https:\/\/api.w.org\/{rel}","templated":true}]}}