{"id":1522,"date":"2024-04-12T15:15:50","date_gmt":"2024-04-12T15:15:50","guid":{"rendered":"https:\/\/seasquad.it\/?page_id=1522"},"modified":"2024-12-02T16:09:11","modified_gmt":"2024-12-02T16:09:11","slug":"evenements","status":"publish","type":"page","link":"https:\/\/seasquad.it\/fr\/evenements\/","title":{"rendered":"\u00c9v\u00e9nements"},"content":{"rendered":"\t\t<div data-elementor-type=\"wp-page\" data-elementor-id=\"1522\" class=\"elementor elementor-1522 elementor-34\" data-elementor-post-type=\"page\">\n\t\t\t\t<div class=\"elementor-element elementor-element-003b34d e-flex e-con-boxed e-con e-parent\" data-id=\"003b34d\" data-element_type=\"container\" data-settings=\"{&quot;background_background&quot;:&quot;classic&quot;}\">\n\t\t\t\t\t<div class=\"e-con-inner\">\n\t\t\t\t\t<\/div>\n\t\t\t\t<\/div>\n\t\t<div class=\"elementor-element elementor-element-44fbf2c e-flex e-con-boxed e-con e-parent\" data-id=\"44fbf2c\" data-element_type=\"container\">\n\t\t\t\t\t<div class=\"e-con-inner\">\n\t\t<div class=\"elementor-element elementor-element-863ee49 e-con-full e-flex e-con e-child\" data-id=\"863ee49\" data-element_type=\"container\">\n\t\t\t\t<div class=\"elementor-element elementor-element-c1be500 section-title elementor-widget elementor-widget-text-editor\" data-id=\"c1be500\" data-element_type=\"widget\" data-widget_type=\"text-editor.default\">\n\t\t\t\t<div class=\"elementor-widget-container\">\n\t\t\t\t\t\t\t\t\t<p class=\"p1\">Vivez des moments inoubliables<\/p>\t\t\t\t\t\t\t\t<\/div>\n\t\t\t\t<\/div>\n\t\t\t\t<div class=\"elementor-element elementor-element-c9b11b1 elementor-widget elementor-widget-heading\" data-id=\"c9b11b1\" data-element_type=\"widget\" data-widget_type=\"heading.default\">\n\t\t\t\t<div class=\"elementor-widget-container\">\n\t\t\t\t\t<h2 class=\"elementor-heading-title elementor-size-default\">Votre \u00e9v\u00e9nement comme vous le souhaitez<\/h2>\t\t\t\t<\/div>\n\t\t\t\t<\/div>\n\t\t\t\t<div class=\"elementor-element elementor-element-729f8cf subtitle elementor-widget elementor-widget-text-editor\" data-id=\"729f8cf\" data-element_type=\"widget\" data-widget_type=\"text-editor.default\">\n\t\t\t\t<div class=\"elementor-widget-container\">\n\t\t\t\t\t\t\t\t\t<p class=\"p1\">Que vous souhaitiez organiser une voyage en amoureux ou une aventure entre amis, nous sommes l\u00e0 pour faire de votre \u00e9v\u00e9nement une <strong>exp\u00e9rience unique que vous pourrez personnaliser \u00e0 votre guise<\/strong>.<\/p>\t\t\t\t\t\t\t\t<\/div>\n\t\t\t\t<\/div>\n\t\t\t\t<div class=\"elementor-element elementor-element-bdbe10f elementor-align-center elementor-widget elementor-widget-button\" data-id=\"bdbe10f\" data-element_type=\"widget\" data-widget_type=\"button.default\">\n\t\t\t\t<div class=\"elementor-widget-container\">\n\t\t\t\t\t\t\t\t\t<div class=\"elementor-button-wrapper\">\n\t\t\t\t\t<a class=\"elementor-button elementor-button-link elementor-size-sm\" href=\"#elementor-action%3Aaction%3Dpopup%3Aopen%26settings%3DeyJpZCI6MTUxMywidG9nZ2xlIjpmYWxzZX0%3D\">\n\t\t\t\t\t\t<span class=\"elementor-button-content-wrapper\">\n\t\t\t\t\t\t\t\t\t<span class=\"elementor-button-text\">Personnalisez votre exp\u00e9rience<\/span>\n\t\t\t\t\t<\/span>\n\t\t\t\t\t<\/a>\n\t\t\t\t<\/div>\n\t\t\t\t\t\t\t\t<\/div>\n\t\t\t\t<\/div>\n\t\t\t\t<\/div>\n\t\t<div class=\"elementor-element elementor-element-295d790 e-flex e-con-boxed e-con e-child\" data-id=\"295d790\" data-element_type=\"container\" data-settings=\"{&quot;background_background&quot;:&quot;classic&quot;}\">\n\t\t\t\t\t<div class=\"e-con-inner\">\n\t\t<div class=\"elementor-element elementor-element-aa624c9 e-con-full e-flex e-con e-child\" data-id=\"aa624c9\" data-element_type=\"container\" data-settings=\"{&quot;background_background&quot;:&quot;classic&quot;}\">\n\t\t\t\t<div class=\"elementor-element elementor-element-4e2ecf9 elementor-widget elementor-widget-image\" data-id=\"4e2ecf9\" data-element_type=\"widget\" data-widget_type=\"image.default\">\n\t\t\t\t<div class=\"elementor-widget-container\">\n\t\t\t\t\t\t\t\t\t\t\t\t\t\t\t<img fetchpriority=\"high\" decoding=\"async\" width=\"1112\" height=\"768\" src=\"https:\/\/seasquad.it\/wp-content\/uploads\/2024\/04\/sea-squad_aperitivo-tramonto.jpg\" class=\"attachment-full size-full wp-image-626\" alt=\"\" srcset=\"https:\/\/seasquad.it\/wp-content\/uploads\/2024\/04\/sea-squad_aperitivo-tramonto.jpg 1112w, https:\/\/seasquad.it\/wp-content\/uploads\/2024\/04\/sea-squad_aperitivo-tramonto-300x207.jpg 300w, https:\/\/seasquad.it\/wp-content\/uploads\/2024\/04\/sea-squad_aperitivo-tramonto-1024x707.jpg 1024w, https:\/\/seasquad.it\/wp-content\/uploads\/2024\/04\/sea-squad_aperitivo-tramonto-768x530.jpg 768w\" sizes=\"(max-width: 1112px) 100vw, 1112px\" \/>\t\t\t\t\t\t\t\t\t\t\t\t\t\t\t<\/div>\n\t\t\t\t<\/div>\n\t\t\t\t<div class=\"elementor-element elementor-element-dd60f3b elementor-widget elementor-widget-text-editor\" data-id=\"dd60f3b\" data-element_type=\"widget\" data-widget_type=\"text-editor.default\">\n\t\t\t\t<div class=\"elementor-widget-container\">\n\t\t\t\t\t\t\t\t\t<p class=\"p1\">Ap\u00e9ritif au coucher du soleil<\/p>\t\t\t\t\t\t\t\t<\/div>\n\t\t\t\t<\/div>\n\t\t\t\t<div class=\"elementor-element elementor-element-08173dc elementor-widget__width-initial subtitle elementor-widget elementor-widget-text-editor\" data-id=\"08173dc\" data-element_type=\"widget\" data-widget_type=\"text-editor.default\">\n\t\t\t\t<div class=\"elementor-widget-container\">\n\t\t\t\t\t\t\t\t\t<p class=\"p1\">vivez une exp\u00e9rience magique en admirant les plus beaux<span class=\"Apple-converted-space\">\u00a0 <\/span>couchers de soleil du monde directement depuis la mer.<\/p>\t\t\t\t\t\t\t\t<\/div>\n\t\t\t\t<\/div>\n\t\t\t\t<\/div>\n\t\t<div class=\"elementor-element elementor-element-0a11c8d e-con-full e-flex e-con e-child\" data-id=\"0a11c8d\" data-element_type=\"container\" data-settings=\"{&quot;background_background&quot;:&quot;classic&quot;}\">\n\t\t\t\t<div class=\"elementor-element elementor-element-7ba79a4 elementor-widget elementor-widget-image\" data-id=\"7ba79a4\" data-element_type=\"widget\" data-widget_type=\"image.default\">\n\t\t\t\t<div class=\"elementor-widget-container\">\n\t\t\t\t\t\t\t\t\t\t\t\t\t\t\t<img decoding=\"async\" width=\"1112\" height=\"768\" src=\"https:\/\/seasquad.it\/wp-content\/uploads\/2024\/05\/sea-squad-addio-nubilato.jpg\" class=\"attachment-full size-full wp-image-1285\" alt=\"\" srcset=\"https:\/\/seasquad.it\/wp-content\/uploads\/2024\/05\/sea-squad-addio-nubilato.jpg 1112w, https:\/\/seasquad.it\/wp-content\/uploads\/2024\/05\/sea-squad-addio-nubilato-300x207.jpg 300w, https:\/\/seasquad.it\/wp-content\/uploads\/2024\/05\/sea-squad-addio-nubilato-1024x707.jpg 1024w, https:\/\/seasquad.it\/wp-content\/uploads\/2024\/05\/sea-squad-addio-nubilato-768x530.jpg 768w\" sizes=\"(max-width: 1112px) 100vw, 1112px\" \/>\t\t\t\t\t\t\t\t\t\t\t\t\t\t\t<\/div>\n\t\t\t\t<\/div>\n\t\t\t\t<div class=\"elementor-element elementor-element-02caa8f elementor-widget elementor-widget-text-editor\" data-id=\"02caa8f\" data-element_type=\"widget\" data-widget_type=\"text-editor.default\">\n\t\t\t\t<div class=\"elementor-widget-container\">\n\t\t\t\t\t\t\t\t\t<p class=\"p1\">Enteremment de vie de jeune fille et de gar\u00e7on<\/p>\t\t\t\t\t\t\t\t<\/div>\n\t\t\t\t<\/div>\n\t\t\t\t<div class=\"elementor-element elementor-element-0ef3a22 elementor-widget__width-initial subtitle elementor-widget elementor-widget-text-editor\" data-id=\"0ef3a22\" data-element_type=\"widget\" data-widget_type=\"text-editor.default\">\n\t\t\t\t<div class=\"elementor-widget-container\">\n\t\t\t\t\t\t\t\t\t<p class=\"p1\">Vos meilleurs amis vont se marier? Organisez un enterrement de vie de jeune fille ou de gar\u00e7ons \u00e0 bord de notre bateau.<\/p>\t\t\t\t\t\t\t\t<\/div>\n\t\t\t\t<\/div>\n\t\t\t\t<\/div>\n\t\t<div class=\"elementor-element elementor-element-4d5880f e-con-full e-flex e-con e-child\" data-id=\"4d5880f\" data-element_type=\"container\" data-settings=\"{&quot;background_background&quot;:&quot;classic&quot;}\">\n\t\t\t\t<div class=\"elementor-element elementor-element-b3a9e38 elementor-widget elementor-widget-image\" data-id=\"b3a9e38\" data-element_type=\"widget\" data-widget_type=\"image.default\">\n\t\t\t\t<div class=\"elementor-widget-container\">\n\t\t\t\t\t\t\t\t\t\t\t\t\t\t\t<img decoding=\"async\" width=\"1112\" height=\"768\" src=\"https:\/\/seasquad.it\/wp-content\/uploads\/2024\/05\/sea-squad-compleanni.jpg\" class=\"attachment-full size-full wp-image-1290\" alt=\"\" srcset=\"https:\/\/seasquad.it\/wp-content\/uploads\/2024\/05\/sea-squad-compleanni.jpg 1112w, https:\/\/seasquad.it\/wp-content\/uploads\/2024\/05\/sea-squad-compleanni-300x207.jpg 300w, https:\/\/seasquad.it\/wp-content\/uploads\/2024\/05\/sea-squad-compleanni-1024x707.jpg 1024w, https:\/\/seasquad.it\/wp-content\/uploads\/2024\/05\/sea-squad-compleanni-768x530.jpg 768w\" sizes=\"(max-width: 1112px) 100vw, 1112px\" \/>\t\t\t\t\t\t\t\t\t\t\t\t\t\t\t<\/div>\n\t\t\t\t<\/div>\n\t\t\t\t<div class=\"elementor-element elementor-element-3e2bcb8 elementor-widget elementor-widget-text-editor\" data-id=\"3e2bcb8\" data-element_type=\"widget\" data-widget_type=\"text-editor.default\">\n\t\t\t\t<div class=\"elementor-widget-container\">\n\t\t\t\t\t\t\t\t\t<p class=\"p1\">anniversaires et soir\u00e9es priv\u00e9es.<\/p>\t\t\t\t\t\t\t\t<\/div>\n\t\t\t\t<\/div>\n\t\t\t\t<div class=\"elementor-element elementor-element-08e94b0 elementor-widget__width-initial subtitle elementor-widget elementor-widget-text-editor\" data-id=\"08e94b0\" data-element_type=\"widget\" data-widget_type=\"text-editor.default\">\n\t\t\t\t<div class=\"elementor-widget-container\">\n\t\t\t\t\t\t\t\t\t<p class=\"p1\">Le cadre id\u00e9al pour organiser des f\u00eates intimes ou entre amis et cr\u00e9er des souvenirs inoubliables.<\/p>\t\t\t\t\t\t\t\t<\/div>\n\t\t\t\t<\/div>\n\t\t\t\t<\/div>\n\t\t<div class=\"elementor-element elementor-element-7ee3306 e-con-full e-flex e-con e-child\" data-id=\"7ee3306\" data-element_type=\"container\" data-settings=\"{&quot;background_background&quot;:&quot;classic&quot;}\">\n\t\t\t\t<div class=\"elementor-element elementor-element-3284b21 elementor-widget elementor-widget-image\" data-id=\"3284b21\" data-element_type=\"widget\" data-widget_type=\"image.default\">\n\t\t\t\t<div class=\"elementor-widget-container\">\n\t\t\t\t\t\t\t\t\t\t\t\t\t\t\t<img loading=\"lazy\" decoding=\"async\" width=\"1112\" height=\"768\" src=\"https:\/\/seasquad.it\/wp-content\/uploads\/2024\/05\/sea-squad-anniversari.jpg\" class=\"attachment-full size-full wp-image-1286\" alt=\"\" srcset=\"https:\/\/seasquad.it\/wp-content\/uploads\/2024\/05\/sea-squad-anniversari.jpg 1112w, https:\/\/seasquad.it\/wp-content\/uploads\/2024\/05\/sea-squad-anniversari-300x207.jpg 300w, https:\/\/seasquad.it\/wp-content\/uploads\/2024\/05\/sea-squad-anniversari-1024x707.jpg 1024w, https:\/\/seasquad.it\/wp-content\/uploads\/2024\/05\/sea-squad-anniversari-768x530.jpg 768w\" sizes=\"(max-width: 1112px) 100vw, 1112px\" \/>\t\t\t\t\t\t\t\t\t\t\t\t\t\t\t<\/div>\n\t\t\t\t<\/div>\n\t\t\t\t<div class=\"elementor-element elementor-element-3699a2f elementor-widget elementor-widget-text-editor\" data-id=\"3699a2f\" data-element_type=\"widget\" data-widget_type=\"text-editor.default\">\n\t\t\t\t<div class=\"elementor-widget-container\">\n\t\t\t\t\t\t\t\t\t<p class=\"p1\">Anniversaire de mariage et autres c\u00e9l\u00e9brations.<\/p>\t\t\t\t\t\t\t\t<\/div>\n\t\t\t\t<\/div>\n\t\t\t\t<div class=\"elementor-element elementor-element-3b5bbc7 elementor-widget__width-initial subtitle elementor-widget elementor-widget-text-editor\" data-id=\"3b5bbc7\" data-element_type=\"widget\" data-widget_type=\"text-editor.default\">\n\t\t\t\t<div class=\"elementor-widget-container\">\n\t\t\t\t\t\t\t\t\t<p class=\"p1\">La C\u00f4te d&rsquo;Azur offre un cadre unique et romantique pour c\u00e9l\u00e9brer des moments inoubliables.<\/p>\t\t\t\t\t\t\t\t<\/div>\n\t\t\t\t<\/div>\n\t\t\t\t<\/div>\n\t\t\t\t\t<\/div>\n\t\t\t\t<\/div>\n\t\t\t\t\t<\/div>\n\t\t\t\t<\/div>\n\t\t\t\t<\/div>\n\t\t","protected":false},"excerpt":{"rendered":"<p>Vivez des moments inoubliables Votre \u00e9v\u00e9nement comme vous le souhaitez Que vous souhaitiez organiser une voyage en amoureux ou une aventure entre amis, nous sommes l\u00e0 pour faire de votre \u00e9v\u00e9nement une exp\u00e9rience unique que vous pourrez personnaliser \u00e0 votre guise. Personnalisez votre exp\u00e9rience Ap\u00e9ritif au coucher du soleil vivez une exp\u00e9rience magique en admirant [&hellip;]<\/p>\n","protected":false},"author":1,"featured_media":0,"parent":0,"menu_order":0,"comment_status":"closed","ping_status":"closed","template":"","meta":{"footnotes":""},"class_list":["post-1522","page","type-page","status-publish","hentry"],"aioseo_notices":[],"_links":{"self":[{"href":"https:\/\/seasquad.it\/fr\/wp-json\/wp\/v2\/pages\/1522","targetHints":{"allow":["GET"]}}],"collection":[{"href":"https:\/\/seasquad.it\/fr\/wp-json\/wp\/v2\/pages"}],"about":[{"href":"https:\/\/seasquad.it\/fr\/wp-json\/wp\/v2\/types\/page"}],"author":[{"embeddable":true,"href":"https:\/\/seasquad.it\/fr\/wp-json\/wp\/v2\/users\/1"}],"replies":[{"embeddable":true,"href":"https:\/\/seasquad.it\/fr\/wp-json\/wp\/v2\/comments?post=1522"}],"version-history":[{"count":0,"href":"https:\/\/seasquad.it\/fr\/wp-json\/wp\/v2\/pages\/1522\/revisions"}],"wp:attachment":[{"href":"https:\/\/seasquad.it\/fr\/wp-json\/wp\/v2\/media?parent=1522"}],"curies":[{"name":"wp","href":"https:\/\/api.w.org\/{rel}","templated":true}]}}